{"id":1240,"date":"2022-05-25T10:25:30","date_gmt":"2022-05-25T08:25:30","guid":{"rendered":"https:\/\/www.sm-formation.fr\/?page_id=1240"},"modified":"2025-03-18T10:02:27","modified_gmt":"2025-03-18T09:02:27","slug":"formations-langues","status":"publish","type":"page","link":"https:\/\/www.sm-formation.fr\/index.php\/formations-langues\/","title":{"rendered":"Formations langues"},"content":{"rendered":"\t\t<div data-elementor-type=\"wp-page\" data-elementor-id=\"1240\" class=\"elementor elementor-1240\" data-elementor-settings=\"[]\">\n\t\t\t\t\t\t\t<div class=\"elementor-section-wrap\">\n\t\t\t\t\t\t\t<section class=\"elementor-section elementor-top-section elementor-element elementor-element-83356db elementor-section-boxed elementor-section-height-default elementor-section-height-default\" data-id=\"83356db\" data-element_type=\"section\" data-settings=\"{&quot;background_background&quot;:&quot;classic&quot;}\">\n\t\t\t\t\t\t\t<div class=\"elementor-background-overlay\"><\/div>\n\t\t\t\t\t\t\t<div class=\"elementor-container elementor-column-gap-default\">\n\t\t\t\t\t<div class=\"elementor-column elementor-col-50 elementor-top-column elementor-element elementor-element-64abedf\" data-id=\"64abedf\" data-element_type=\"column\">\n\t\t\t<div class=\"elementor-widget-wrap elementor-element-populated\">\n\t\t\t\t\t\t\t\t<div class=\"elementor-element elementor-element-0b9dead elementor-widget elementor-widget-heading\" data-id=\"0b9dead\" data-element_type=\"widget\" data-widget_type=\"heading.default\">\n\t\t\t\t<div class=\"elementor-widget-container\">\n\t\t\t<h2 class=\"elementor-heading-title elementor-size-default\">Formations langues<\/h2>\t\t<\/div>\n\t\t\t\t<\/div>\n\t\t\t\t\t<\/div>\n\t\t<\/div>\n\t\t\t\t<div class=\"elementor-column elementor-col-50 elementor-top-column elementor-element elementor-element-325afb4\" data-id=\"325afb4\" data-element_type=\"column\">\n\t\t\t<div class=\"elementor-widget-wrap elementor-element-populated\">\n\t\t\t\t\t\t\t\t<div class=\"elementor-element elementor-element-fb25284 elementor-button-align-center elementor-widget elementor-widget-form\" data-id=\"fb25284\" data-element_type=\"widget\" data-settings=\"{&quot;step_next_label&quot;:&quot;Next&quot;,&quot;step_previous_label&quot;:&quot;Previous&quot;,&quot;button_width&quot;:&quot;100&quot;,&quot;step_type&quot;:&quot;number_text&quot;,&quot;step_icon_shape&quot;:&quot;circle&quot;}\" data-widget_type=\"form.default\">\n\t\t\t\t<div class=\"elementor-widget-container\">\n\t\t\t\t\t<form class=\"elementor-form\" method=\"post\" name=\"New Form\">\n\t\t\t<input type=\"hidden\" name=\"post_id\" value=\"1240\"\/>\n\t\t\t<input type=\"hidden\" name=\"form_id\" value=\"fb25284\"\/>\n\t\t\t<input type=\"hidden\" name=\"referer_title\" value=\"\" \/>\n\n\t\t\t\n\t\t\t<div class=\"elementor-form-fields-wrapper elementor-labels-above\">\n\t\t\t\t\t\t\t\t<div class=\"elementor-field-type-text elementor-field-group elementor-column elementor-field-group-name elementor-col-100\">\n\t\t\t\t\t<label for=\"form-field-name\" class=\"elementor-field-label\">Nom et pr\u00e9nom<\/label><input size=\"1\" type=\"text\" name=\"form_fields[name]\" id=\"form-field-name\" class=\"elementor-field elementor-size-sm  elementor-field-textual\">\t\t\t\t<\/div>\n\t\t\t\t\t\t\t\t<div class=\"elementor-field-type-email elementor-field-group elementor-column elementor-field-group-email elementor-col-100 elementor-field-required\">\n\t\t\t\t\t<label for=\"form-field-email\" class=\"elementor-field-label\">Adresse E-mail<\/label><input size=\"1\" type=\"email\" name=\"form_fields[email]\" id=\"form-field-email\" class=\"elementor-field elementor-size-sm  elementor-field-textual\" required=\"required\" aria-required=\"true\">\t\t\t\t<\/div>\n\t\t\t\t\t\t\t\t<div class=\"elementor-field-type-tel elementor-field-group elementor-column elementor-field-group-field_183e16c elementor-col-100\">\n\t\t\t\t\t<label for=\"form-field-field_183e16c\" class=\"elementor-field-label\">Num\u00e9ro de t\u00e9l\u00e9phone<\/label><input size=\"1\" type=\"tel\" name=\"form_fields[field_183e16c]\" id=\"form-field-field_183e16c\" class=\"elementor-field elementor-size-sm  elementor-field-textual\" pattern=\"[0-9()#&amp;+*-=.]+\" title=\"Only numbers and phone characters (#, -, *, etc) are accepted.\">\t\t\t\t<\/div>\n\t\t\t\t\t\t\t\t<div class=\"elementor-field-type-select elementor-field-group elementor-column elementor-field-group-field_52830f9 elementor-col-100\">\n\t\t\t\t\t<label for=\"form-field-field_52830f9\" class=\"elementor-field-label\">Choisissez votre formation<\/label>\t\t<div class=\"elementor-field elementor-select-wrapper \">\n\t\t\t<select name=\"form_fields[field_52830f9]\" id=\"form-field-field_52830f9\" class=\"elementor-field-textual elementor-size-sm\">\n\t\t\t\t<option value=\" Anglais\">Anglais Toeic <\/option><option value=\"Fran\u00e7ais\">Fran\u00e7ais Voltaire <\/option>\t\t\t<\/select>\n\t\t<\/div>\n\t\t\t\t\t\t<\/div>\n\t\t\t\t\t\t\t\t<div class=\"elementor-field-group elementor-column elementor-field-type-submit elementor-col-100 e-form__buttons\">\n\t\t\t\t\t<button type=\"submit\" class=\"elementor-button elementor-size-sm\">\n\t\t\t\t\t\t<span >\n\t\t\t\t\t\t\t\t\t\t\t\t\t\t\t<span class=\" elementor-button-icon\">\n\t\t\t\t\t\t\t\t\t\t\t\t\t\t\t\t\t\t\t\t\t\t\t\t\t\t<\/span>\n\t\t\t\t\t\t\t\t\t\t\t\t\t\t\t\t\t\t\t\t\t\t<span class=\"elementor-button-text\">Envoyer<\/span>\n\t\t\t\t\t\t\t\t\t\t\t\t\t<\/span>\n\t\t\t\t\t<\/button>\n\t\t\t\t<\/div>\n\t\t\t<\/div>\n\t\t<\/form>\n\t\t\t\t<\/div>\n\t\t\t\t<\/div>\n\t\t\t\t\t<\/div>\n\t\t<\/div>\n\t\t\t\t\t\t\t<\/div>\n\t\t<\/section>\n\t\t\t\t<section class=\"elementor-section elementor-top-section elementor-element elementor-element-f876b19 elementor-section-boxed elementor-section-height-default elementor-section-height-default\" data-id=\"f876b19\" data-element_type=\"section\">\n\t\t\t\t\t\t<div class=\"elementor-container elementor-column-gap-default\">\n\t\t\t\t\t<div class=\"elementor-column elementor-col-100 elementor-top-column elementor-element elementor-element-086662a\" data-id=\"086662a\" data-element_type=\"column\">\n\t\t\t<div class=\"elementor-widget-wrap elementor-element-populated\">\n\t\t\t\t\t\t\t\t<div class=\"elementor-element elementor-element-0bf5d1f elementor-widget elementor-widget-heading\" data-id=\"0bf5d1f\" data-element_type=\"widget\" data-widget_type=\"heading.default\">\n\t\t\t\t<div class=\"elementor-widget-container\">\n\t\t\t<h2 class=\"elementor-heading-title elementor-size-default\">ANGLAIS - CERTIFICATION TOEIC<\/h2>\t\t<\/div>\n\t\t\t\t<\/div>\n\t\t\t\t<div class=\"elementor-element elementor-element-84f3298 elementor-widget elementor-widget-heading\" data-id=\"84f3298\" data-element_type=\"widget\" data-widget_type=\"heading.default\">\n\t\t\t\t<div class=\"elementor-widget-container\">\n\t\t\t<h2 class=\"elementor-heading-title elementor-size-default\">modalit\u00e9s de formation<\/h2>\t\t<\/div>\n\t\t\t\t<\/div>\n\t\t\t\t<section class=\"elementor-section elementor-inner-section elementor-element elementor-element-7f4a68f elementor-section-boxed elementor-section-height-default elementor-section-height-default\" data-id=\"7f4a68f\" data-element_type=\"section\">\n\t\t\t\t\t\t<div class=\"elementor-container elementor-column-gap-default\">\n\t\t\t\t\t<div class=\"elementor-column elementor-col-50 elementor-inner-column elementor-element elementor-element-c6f0fd6\" data-id=\"c6f0fd6\" data-element_type=\"column\">\n\t\t\t<div class=\"elementor-widget-wrap elementor-element-populated\">\n\t\t\t\t\t\t\t\t<div class=\"elementor-element elementor-element-cb5caee elementor-icon-list--layout-traditional elementor-list-item-link-full_width elementor-widget elementor-widget-icon-list\" data-id=\"cb5caee\" data-element_type=\"widget\" data-widget_type=\"icon-list.default\">\n\t\t\t\t<div class=\"elementor-widget-container\">\n\t\t\t\t\t<ul class=\"elementor-icon-list-items\">\n\t\t\t\t\t\t\t<li class=\"elementor-icon-list-item\">\n\t\t\t\t\t\t\t\t\t\t\t<span class=\"elementor-icon-list-icon\">\n\t\t\t\t\t\t\t<i aria-hidden=\"true\" class=\"fas fa-user-check\"><\/i>\t\t\t\t\t\t<\/span>\n\t\t\t\t\t\t\t\t\t\t<span class=\"elementor-icon-list-text\">Public<\/span>\n\t\t\t\t\t\t\t\t\t<\/li>\n\t\t\t\t\t\t<\/ul>\n\t\t\t\t<\/div>\n\t\t\t\t<\/div>\n\t\t\t\t<div class=\"elementor-element elementor-element-3bb4c06 elementor-widget elementor-widget-text-editor\" data-id=\"3bb4c06\" data-element_type=\"widget\" data-widget_type=\"text-editor.default\">\n\t\t\t\t<div class=\"elementor-widget-container\">\n\t\t\t\t\t\t\t<p>Tout public<\/p><p>PR\u00c9 REQUIS: savoir lire et \u00e9crire<\/p>\t\t\t\t\t\t<\/div>\n\t\t\t\t<\/div>\n\t\t\t\t<div class=\"elementor-element elementor-element-a20080a elementor-icon-list--layout-traditional elementor-list-item-link-full_width elementor-widget elementor-widget-icon-list\" data-id=\"a20080a\" data-element_type=\"widget\" data-widget_type=\"icon-list.default\">\n\t\t\t\t<div class=\"elementor-widget-container\">\n\t\t\t\t\t<ul class=\"elementor-icon-list-items\">\n\t\t\t\t\t\t\t<li class=\"elementor-icon-list-item\">\n\t\t\t\t\t\t\t\t\t\t\t<span class=\"elementor-icon-list-icon\">\n\t\t\t\t\t\t\t<i aria-hidden=\"true\" class=\"far fa-lightbulb\"><\/i>\t\t\t\t\t\t<\/span>\n\t\t\t\t\t\t\t\t\t\t<span class=\"elementor-icon-list-text\">Moyens p\u00e9dagogiques<\/span>\n\t\t\t\t\t\t\t\t\t<\/li>\n\t\t\t\t\t\t<\/ul>\n\t\t\t\t<\/div>\n\t\t\t\t<\/div>\n\t\t\t\t<div class=\"elementor-element elementor-element-4d3751a elementor-widget elementor-widget-text-editor\" data-id=\"4d3751a\" data-element_type=\"widget\" data-widget_type=\"text-editor.default\">\n\t\t\t\t<div class=\"elementor-widget-container\">\n\t\t\t\t\t\t\t<p>Accompagnement formateur en visio conf\u00e9rence. Programme individualis\u00e9.<\/p><p>Acc\u00e8s illimit\u00e9 \u00e0 une plateforme e-learning.<\/p><p>Mise \u00e0 disposition du mat\u00e9riel n\u00e9cessaire \u00e0 la formation en cas de formation en pr\u00e9sentiel (ordinateur, \u2026.)<\/p>\t\t\t\t\t\t<\/div>\n\t\t\t\t<\/div>\n\t\t\t\t<div class=\"elementor-element elementor-element-dcf6666 elementor-icon-list--layout-traditional elementor-list-item-link-full_width elementor-widget elementor-widget-icon-list\" data-id=\"dcf6666\" data-element_type=\"widget\" data-widget_type=\"icon-list.default\">\n\t\t\t\t<div class=\"elementor-widget-container\">\n\t\t\t\t\t<ul class=\"elementor-icon-list-items\">\n\t\t\t\t\t\t\t<li class=\"elementor-icon-list-item\">\n\t\t\t\t\t\t\t\t\t\t\t<span class=\"elementor-icon-list-icon\">\n\t\t\t\t\t\t\t<i aria-hidden=\"true\" class=\"far fa-clock\"><\/i>\t\t\t\t\t\t<\/span>\n\t\t\t\t\t\t\t\t\t\t<span class=\"elementor-icon-list-text\">Dur\u00e9e et tarifs<\/span>\n\t\t\t\t\t\t\t\t\t<\/li>\n\t\t\t\t\t\t<\/ul>\n\t\t\t\t<\/div>\n\t\t\t\t<\/div>\n\t\t\t\t<div class=\"elementor-element elementor-element-e30a28e elementor-widget elementor-widget-text-editor\" data-id=\"e30a28e\" data-element_type=\"widget\" data-widget_type=\"text-editor.default\">\n\t\t\t\t<div class=\"elementor-widget-container\">\n\t\t\t\t\t\t\t<p>De 2h \u00e0 14h avec formateur \u00e0 partir de 500\u20ac en fonction de la formule choisie.<\/p>\t\t\t\t\t\t<\/div>\n\t\t\t\t<\/div>\n\t\t\t\t\t<\/div>\n\t\t<\/div>\n\t\t\t\t<div class=\"elementor-column elementor-col-50 elementor-inner-column elementor-element elementor-element-0397d27\" data-id=\"0397d27\" data-element_type=\"column\">\n\t\t\t<div class=\"elementor-widget-wrap elementor-element-populated\">\n\t\t\t\t\t\t\t\t<div class=\"elementor-element elementor-element-a2da108 elementor-icon-list--layout-traditional elementor-list-item-link-full_width elementor-widget elementor-widget-icon-list\" data-id=\"a2da108\" data-element_type=\"widget\" data-widget_type=\"icon-list.default\">\n\t\t\t\t<div class=\"elementor-widget-container\">\n\t\t\t\t\t<ul class=\"elementor-icon-list-items\">\n\t\t\t\t\t\t\t<li class=\"elementor-icon-list-item\">\n\t\t\t\t\t\t\t\t\t\t\t<span class=\"elementor-icon-list-icon\">\n\t\t\t\t\t\t\t<i aria-hidden=\"true\" class=\"fas fa-graduation-cap\"><\/i>\t\t\t\t\t\t<\/span>\n\t\t\t\t\t\t\t\t\t\t<span class=\"elementor-icon-list-text\">M\u00e9thode p\u00e9dagogiques<\/span>\n\t\t\t\t\t\t\t\t\t<\/li>\n\t\t\t\t\t\t<\/ul>\n\t\t\t\t<\/div>\n\t\t\t\t<\/div>\n\t\t\t\t<div class=\"elementor-element elementor-element-6104558 elementor-widget elementor-widget-text-editor\" data-id=\"6104558\" data-element_type=\"widget\" data-widget_type=\"text-editor.default\">\n\t\t\t\t<div class=\"elementor-widget-container\">\n\t\t\t\t\t\t\t<div>Cours th\u00e9oriques,\u00a0 cas pratiques,\u00a0 mises en situation<\/div><div>\u00a0<\/div><div>M\u00e9thode participative et interrogative.<\/div>\t\t\t\t\t\t<\/div>\n\t\t\t\t<\/div>\n\t\t\t\t<div class=\"elementor-element elementor-element-59270f3 elementor-icon-list--layout-traditional elementor-list-item-link-full_width elementor-widget elementor-widget-icon-list\" data-id=\"59270f3\" data-element_type=\"widget\" data-widget_type=\"icon-list.default\">\n\t\t\t\t<div class=\"elementor-widget-container\">\n\t\t\t\t\t<ul class=\"elementor-icon-list-items\">\n\t\t\t\t\t\t\t<li class=\"elementor-icon-list-item\">\n\t\t\t\t\t\t\t\t\t\t\t<span class=\"elementor-icon-list-icon\">\n\t\t\t\t\t\t\t<i aria-hidden=\"true\" class=\"fas fa-file-contract\"><\/i>\t\t\t\t\t\t<\/span>\n\t\t\t\t\t\t\t\t\t\t<span class=\"elementor-icon-list-text\">Modalit\u00e9s d\u2019\u00e9valuation<\/span>\n\t\t\t\t\t\t\t\t\t<\/li>\n\t\t\t\t\t\t<\/ul>\n\t\t\t\t<\/div>\n\t\t\t\t<\/div>\n\t\t\t\t<div class=\"elementor-element elementor-element-d95567c elementor-widget elementor-widget-text-editor\" data-id=\"d95567c\" data-element_type=\"widget\" data-widget_type=\"text-editor.default\">\n\t\t\t\t<div class=\"elementor-widget-container\">\n\t\t\t\t\t\t\t<div>QCM, exercices pratiques en cours de formation.<\/div><div>\u00a0<\/div><div>Passage de la certification TOEIC &#8211; RS 6151 &#8211; certificateur ETS GLOBAL (date d&#8217;enregistrement 24\/10\/2022)<\/div><div>\u00a0<\/div><div>D\u00c9LAI D&#8217;ACC\u00c8S : 2 semaines<\/div>\t\t\t\t\t\t<\/div>\n\t\t\t\t<\/div>\n\t\t\t\t<div class=\"elementor-element elementor-element-d0f830a elementor-icon-list--layout-traditional elementor-list-item-link-full_width elementor-widget elementor-widget-icon-list\" data-id=\"d0f830a\" data-element_type=\"widget\" data-widget_type=\"icon-list.default\">\n\t\t\t\t<div class=\"elementor-widget-container\">\n\t\t\t\t\t<ul class=\"elementor-icon-list-items\">\n\t\t\t\t\t\t\t<li class=\"elementor-icon-list-item\">\n\t\t\t\t\t\t\t\t\t\t\t<span class=\"elementor-icon-list-icon\">\n\t\t\t\t\t\t\t<i aria-hidden=\"true\" class=\"fas fa-wheelchair\"><\/i>\t\t\t\t\t\t<\/span>\n\t\t\t\t\t\t\t\t\t\t<span class=\"elementor-icon-list-text\">Accessibilit\u00e9 aux personnes handicap\u00e9es<\/span>\n\t\t\t\t\t\t\t\t\t<\/li>\n\t\t\t\t\t\t<\/ul>\n\t\t\t\t<\/div>\n\t\t\t\t<\/div>\n\t\t\t\t<div class=\"elementor-element elementor-element-7a6a0ce elementor-widget elementor-widget-text-editor\" data-id=\"7a6a0ce\" data-element_type=\"widget\" data-widget_type=\"text-editor.default\">\n\t\t\t\t<div class=\"elementor-widget-container\">\n\t\t\t\t\t\t\t<div><div>Accessible pour les PMR (Personnes \u00e0 Mobilit\u00e9 R\u00e9duite)\u00a0<\/div><div>\u00a0<\/div><div>Pour tout autre type de handicap nous contacter. Nous vous orienterons\u00a0au mieux.\u00a0<\/div><\/div><div>\u00a0<\/div>\t\t\t\t\t\t<\/div>\n\t\t\t\t<\/div>\n\t\t\t\t\t<\/div>\n\t\t<\/div>\n\t\t\t\t\t\t\t<\/div>\n\t\t<\/section>\n\t\t\t\t\t<\/div>\n\t\t<\/div>\n\t\t\t\t\t\t\t<\/div>\n\t\t<\/section>\n\t\t\t\t<section class=\"elementor-section elementor-top-section elementor-element elementor-element-fb70f3d elementor-section-boxed elementor-section-height-default elementor-section-height-default\" data-id=\"fb70f3d\" data-element_type=\"section\">\n\t\t\t\t\t\t<div class=\"elementor-container elementor-column-gap-default\">\n\t\t\t\t\t<div class=\"elementor-column elementor-col-100 elementor-top-column elementor-element elementor-element-db69a95\" data-id=\"db69a95\" data-element_type=\"column\">\n\t\t\t<div class=\"elementor-widget-wrap elementor-element-populated\">\n\t\t\t\t\t\t\t\t<section class=\"elementor-section elementor-inner-section elementor-element elementor-element-dbcdafd elementor-section-boxed elementor-section-height-default elementor-section-height-default\" data-id=\"dbcdafd\" data-element_type=\"section\">\n\t\t\t\t\t\t<div class=\"elementor-container elementor-column-gap-default\">\n\t\t\t\t\t<div class=\"elementor-column elementor-col-50 elementor-inner-column elementor-element elementor-element-ef24ccf\" data-id=\"ef24ccf\" data-element_type=\"column\">\n\t\t\t<div class=\"elementor-widget-wrap elementor-element-populated\">\n\t\t\t\t\t\t\t\t<div class=\"elementor-element elementor-element-7b37589 elementor-widget elementor-widget-image\" data-id=\"7b37589\" data-element_type=\"widget\" data-widget_type=\"image.default\">\n\t\t\t\t<div class=\"elementor-widget-container\">\n\t\t\t\t\t\t\t\t\t\t\t\t\t\t\t<img width=\"96\" height=\"96\" src=\"https:\/\/www.sm-formation.fr\/wp-content\/uploads\/2021\/12\/icons8-great-britain-96.png\" class=\"attachment-large size-large\" alt=\"\" loading=\"lazy\" \/>\t\t\t\t\t\t\t\t\t\t\t\t\t\t\t<\/div>\n\t\t\t\t<\/div>\n\t\t\t\t\t<\/div>\n\t\t<\/div>\n\t\t\t\t<div class=\"elementor-column elementor-col-50 elementor-inner-column elementor-element elementor-element-0994fd3\" data-id=\"0994fd3\" data-element_type=\"column\">\n\t\t\t<div class=\"elementor-widget-wrap elementor-element-populated\">\n\t\t\t\t\t\t\t\t<div class=\"elementor-element elementor-element-66337c2 elementor-widget elementor-widget-heading\" data-id=\"66337c2\" data-element_type=\"widget\" data-widget_type=\"heading.default\">\n\t\t\t\t<div class=\"elementor-widget-container\">\n\t\t\t<h2 class=\"elementor-heading-title elementor-size-default\">ANglais<\/h2>\t\t<\/div>\n\t\t\t\t<\/div>\n\t\t\t\t\t<\/div>\n\t\t<\/div>\n\t\t\t\t\t\t\t<\/div>\n\t\t<\/section>\n\t\t\t\t<section class=\"elementor-section elementor-inner-section elementor-element elementor-element-2bef265 elementor-section-boxed elementor-section-height-default elementor-section-height-default\" data-id=\"2bef265\" data-element_type=\"section\">\n\t\t\t\t\t\t<div class=\"elementor-container elementor-column-gap-default\">\n\t\t\t\t\t<div class=\"elementor-column elementor-col-100 elementor-inner-column elementor-element elementor-element-c463f7d\" data-id=\"c463f7d\" data-element_type=\"column\">\n\t\t\t<div class=\"elementor-widget-wrap elementor-element-populated\">\n\t\t\t\t\t\t\t\t<div class=\"elementor-element elementor-element-53eb519 elementor-widget elementor-widget-image\" data-id=\"53eb519\" data-element_type=\"widget\" data-widget_type=\"image.default\">\n\t\t\t\t<div class=\"elementor-widget-container\">\n\t\t\t\t\t\t\t\t\t\t\t\t\t\t\t<img width=\"580\" height=\"249\" src=\"https:\/\/www.sm-formation.fr\/wp-content\/uploads\/2021\/12\/tout-savoir-sur-test-anglais-toeic-listening-reading.jpg\" class=\"attachment-large size-large\" alt=\"\" loading=\"lazy\" srcset=\"https:\/\/www.sm-formation.fr\/wp-content\/uploads\/2021\/12\/tout-savoir-sur-test-anglais-toeic-listening-reading.jpg 700w, https:\/\/www.sm-formation.fr\/wp-content\/uploads\/2021\/12\/tout-savoir-sur-test-anglais-toeic-listening-reading-300x129.jpg 300w\" sizes=\"(max-width: 580px) 100vw, 580px\" \/>\t\t\t\t\t\t\t\t\t\t\t\t\t\t\t<\/div>\n\t\t\t\t<\/div>\n\t\t\t\t\t<\/div>\n\t\t<\/div>\n\t\t\t\t\t\t\t<\/div>\n\t\t<\/section>\n\t\t\t\t<section class=\"elementor-section elementor-inner-section elementor-element elementor-element-80b2f1f elementor-section-boxed elementor-section-height-default elementor-section-height-default\" data-id=\"80b2f1f\" data-element_type=\"section\">\n\t\t\t\t\t\t<div class=\"elementor-container elementor-column-gap-default\">\n\t\t\t\t\t<div class=\"elementor-column elementor-col-100 elementor-inner-column elementor-element elementor-element-5114349\" data-id=\"5114349\" data-element_type=\"column\">\n\t\t\t<div class=\"elementor-widget-wrap elementor-element-populated\">\n\t\t\t\t\t\t\t\t<div class=\"elementor-element elementor-element-2087fd1 elementor-widget elementor-widget-heading\" data-id=\"2087fd1\" data-element_type=\"widget\" data-widget_type=\"heading.default\">\n\t\t\t\t<div class=\"elementor-widget-container\">\n\t\t\t<h2 class=\"elementor-heading-title elementor-size-default\">Objectifs<\/h2>\t\t<\/div>\n\t\t\t\t<\/div>\n\t\t\t\t<div class=\"elementor-element elementor-element-70a3b0d elementor-widget elementor-widget-text-editor\" data-id=\"70a3b0d\" data-element_type=\"widget\" data-widget_type=\"text-editor.default\">\n\t\t\t\t<div class=\"elementor-widget-container\">\n\t\t\t\t\t\t\t<div class=\"adn ads\" data-message-id=\"#msg-f:1826921769599513566\" data-legacy-message-id=\"195a87ab856833de\"><div class=\"gs\"><div class=\"\"><div id=\":1of\" class=\"ii gt\"><div id=\":1og\" class=\"a3s aiL \"><div dir=\"ltr\"><div><p>Comp\u00e9tences attest\u00e9es :<\/p><ol><li>Ecouter et comprendre une gamme vari\u00e9e d\u2019affirmations, d\u2019interrogations, de conversations br\u00e8ves et de courtes allocutions enregistr\u00e9es en anglais afin de collecter et s\u00e9lectionner les informations pertinentes pour r\u00e9pondre \u00e0 des questions qui permettent d\u2019appr\u00e9cier le degr\u00e9 de compr\u00e9hension de la langue anglaise n\u00e9cessaires au travail pour des utilisateurs non natifs<\/li><li>Lire, comprendre et analyser diff\u00e9rents types de documents r\u00e9dig\u00e9s en anglais afin de s\u00e9lectionner les informations pertinentes pour r\u00e9pondre \u00e0 des questions qui permettent d\u2019appr\u00e9cier le degr\u00e9 de compr\u00e9hension de la langue anglaise n\u00e9cessaires au travail pour des utilisateurs non natifs<\/li><li>R\u00e9diger des documents en anglais en mobilisant des structures grammaticales et un vocabulaire adapt\u00e9 afin d\u2019appr\u00e9cier les aptitudes \u00e9crites \u00e0 diffuser des informations, poser des questions, donner des instructions n\u00e9cessaires dans un contexte professionnel pour des r\u00e9dacteurs non natifs<\/li><li>Communiquer en anglais afin d\u2019appr\u00e9cier les aptitudes \u00e0 conduire des \u00e9changes et interagir dans un contexte professionnel pour des locuteurs non natifs.<\/li><\/ol><\/div><\/div><div class=\"adL\">\u00a0<\/div><\/div><\/div><\/div><\/div><\/div>\t\t\t\t\t\t<\/div>\n\t\t\t\t<\/div>\n\t\t\t\t<div class=\"elementor-element elementor-element-396fed4 elementor-widget elementor-widget-heading\" data-id=\"396fed4\" data-element_type=\"widget\" data-widget_type=\"heading.default\">\n\t\t\t\t<div class=\"elementor-widget-container\">\n\t\t\t<h2 class=\"elementor-heading-title elementor-size-default\">Contenu de la formation<\/h2>\t\t<\/div>\n\t\t\t\t<\/div>\n\t\t\t\t<div class=\"elementor-element elementor-element-154bf43 elementor-widget elementor-widget-text-editor\" data-id=\"154bf43\" data-element_type=\"widget\" data-widget_type=\"text-editor.default\">\n\t\t\t\t<div class=\"elementor-widget-container\">\n\t\t\t\t\t\t\t<p>REVOIR LES BASES GRAMMATICALES<br \/>&#8211; Apprendre les r\u00e8gles grammaticales de la langue.<br \/>&#8211; Conna\u00eetre les temps simples.<br \/>&#8211; Acqu\u00e9rir un vocabulaire sur diff\u00e9rents champs lexicaux<\/p><p>COMPREHENSION ET EXPRESSION ECRITE<br \/>&#8211; Perfectionnement grammatical pour limiter vos fautes \u00e0 l&#8217;\u00e9crit.<br \/>&#8211; Savoir lire tout type de document professionnel.<br \/>&#8211; R\u00e9diger et mettre en forme des documents professionnels (lettres, e-mails,<br \/>fax).<\/p><p>COMPREHENSION ET EXPRESSION ORALES<br \/>&#8211; Etre \u00e0 l&#8217;aise lors d&#8217;une conversation t\u00e9l\u00e9phonique ou en face \u00e0 face.<br \/>&#8211; Exercices d&#8217;\u00e9coutes et de mises en situation.<br \/>&#8211; Comprendre et reformuler une question, un besoin.<\/p><p>VOCABULAIRE<br \/>&#8211; Apprentissage du vocabulaire propre \u00e0 votre activit\u00e9 professionnelle.<\/p><p>ANIMER ET PARTICIPER A UNE REUNION<br \/>&#8211; Annoncer l&#8217;ordre du jour.<br \/>&#8211; Savoir exprimer clairement une id\u00e9e.<br \/>&#8211; Apprendre \u00e0 argumenter, n\u00e9gocier.<br \/>&#8211; Etre en mesure de poser et r\u00e9pondre \u00e0 des questions.<\/p><p>ASSURER UNE PRESENTATION PROFESSIONNELLE<br \/>&#8211; Pr\u00e9senter les chiffres de la soci\u00e9t\u00e9.<br \/>&#8211; R\u00e9sumer une situation.<br \/>&#8211; D\u00e9crire succinctement la soci\u00e9t\u00e9 et son bilan.<br \/>&#8211; D\u00e9crire un produit et son processus de production.<\/p><p>LES SITUATIONS DE COMMUNICATION INFORMELLE<br \/>&#8211; Pouvoir aborder des sujets extra-professionnels.<br \/>&#8211; G\u00e9rer un repas d&#8217;affaire.<br \/>&#8211; Conna\u00eetre les r\u00e8gles de politesses et conventions de prise de parole.<\/p>\t\t\t\t\t\t<\/div>\n\t\t\t\t<\/div>\n\t\t\t\t\t<\/div>\n\t\t<\/div>\n\t\t\t\t\t\t\t<\/div>\n\t\t<\/section>\n\t\t\t\t\t<\/div>\n\t\t<\/div>\n\t\t\t\t\t\t\t<\/div>\n\t\t<\/section>\n\t\t\t\t\t\t<\/div>\n\t\t\t\t\t<\/div>\n\t\t","protected":false},"excerpt":{"rendered":"<p>ANGLAIS &#8211; CERTIFICATION TOEIC modalit\u00e9s de formation Public Tout public PR\u00c9 REQUIS: savoir lire et \u00e9crire Moyens p\u00e9dagogiques Accompagnement formateur en visio conf\u00e9rence. Programme individualis\u00e9. Acc\u00e8s illimit\u00e9 \u00e0 une plateforme e-learning. Mise \u00e0 disposition du mat\u00e9riel n\u00e9cessaire \u00e0 la formation en cas de formation en pr\u00e9sentiel (ordinateur, \u2026.) Dur\u00e9e et tarifs De 2h \u00e0 14h [&hellip;]<\/p>\n","protected":false},"author":1,"featured_media":0,"parent":0,"menu_order":0,"comment_status":"closed","ping_status":"closed","template":"elementor_header_footer","meta":[],"_links":{"self":[{"href":"https:\/\/www.sm-formation.fr\/index.php\/wp-json\/wp\/v2\/pages\/1240"}],"collection":[{"href":"https:\/\/www.sm-formation.fr\/index.php\/wp-json\/wp\/v2\/pages"}],"about":[{"href":"https:\/\/www.sm-formation.fr\/index.php\/wp-json\/wp\/v2\/types\/page"}],"author":[{"embeddable":true,"href":"https:\/\/www.sm-formation.fr\/index.php\/wp-json\/wp\/v2\/users\/1"}],"replies":[{"embeddable":true,"href":"https:\/\/www.sm-formation.fr\/index.php\/wp-json\/wp\/v2\/comments?post=1240"}],"version-history":[{"count":208,"href":"https:\/\/www.sm-formation.fr\/index.php\/wp-json\/wp\/v2\/pages\/1240\/revisions"}],"predecessor-version":[{"id":2226,"href":"https:\/\/www.sm-formation.fr\/index.php\/wp-json\/wp\/v2\/pages\/1240\/revisions\/2226"}],"wp:attachment":[{"href":"https:\/\/www.sm-formation.fr\/index.php\/wp-json\/wp\/v2\/media?parent=1240"}],"curies":[{"name":"wp","href":"https:\/\/api.w.org\/{rel}","templated":true}]}}